{"id":1155,"date":"2022-09-15T17:40:05","date_gmt":"2022-09-15T17:40:05","guid":{"rendered":"https:\/\/ispe-net.de\/?page_id=1155"},"modified":"2022-10-11T06:27:10","modified_gmt":"2022-10-11T06:27:10","slug":"veroeffentlichungen-von-maria-icking","status":"publish","type":"page","link":"https:\/\/ispe-net.de\/?page_id=1155","title":{"rendered":"Ver\u00f6ffentlichungen"},"content":{"rendered":"\t\t<div data-elementor-type=\"wp-page\" data-elementor-id=\"1155\" class=\"elementor elementor-1155\" data-elementor-settings=\"{&quot;ha_cmc_init_switcher&quot;:&quot;no&quot;}\" data-elementor-post-type=\"page\">\n\t\t\t\t\t\t<section class=\"elementor-section elementor-top-section elementor-element elementor-element-20d1cc0 elementor-section-boxed elementor-section-height-default elementor-section-height-default\" data-id=\"20d1cc0\" data-element_type=\"section\" data-e-type=\"section\" id=\"topdiv\" data-settings=\"{&quot;background_background&quot;:&quot;classic&quot;,&quot;_ha_eqh_enable&quot;:false}\">\n\t\t\t\t\t\t<div class=\"elementor-container elementor-column-gap-default\">\n\t\t\t\t\t<div class=\"elementor-column elementor-col-100 elementor-top-column elementor-element elementor-element-91e1ac3 elementor-invisible\" data-id=\"91e1ac3\" data-element_type=\"column\" data-e-type=\"column\" data-settings=\"{&quot;animation&quot;:&quot;fadeIn&quot;}\">\n\t\t\t<div class=\"elementor-widget-wrap elementor-element-populated\">\n\t\t\t\t\t\t<div class=\"elementor-element elementor-element-722a9a6 elementor-widget elementor-widget-heading\" data-id=\"722a9a6\" data-element_type=\"widget\" data-e-type=\"widget\" data-widget_type=\"heading.default\">\n\t\t\t\t<div class=\"elementor-widget-container\">\n\t\t\t\t\t<h4 class=\"elementor-heading-title elementor-size-default\">Ver\u00f6ffentlichungen<\/h4>\t\t\t\t<\/div>\n\t\t\t\t<\/div>\n\t\t\t\t<div class=\"elementor-element elementor-element-c43083e elementor-widget elementor-widget-heading\" data-id=\"c43083e\" data-element_type=\"widget\" data-e-type=\"widget\" data-widget_type=\"heading.default\">\n\t\t\t\t<div class=\"elementor-widget-container\">\n\t\t\t\t\t<h1 class=\"elementor-heading-title elementor-size-default\">Wessen Ver\u00f6ffentlichungen m\u00f6chten Sie lesen?<\/h1>\t\t\t\t<\/div>\n\t\t\t\t<\/div>\n\t\t\t\t<div class=\"elementor-element elementor-element-0926279 elementor-widget elementor-widget-heading\" data-id=\"0926279\" data-element_type=\"widget\" data-e-type=\"widget\" data-widget_type=\"heading.default\">\n\t\t\t\t<div class=\"elementor-widget-container\">\n\t\t\t\t\t<p class=\"elementor-heading-title elementor-size-default\">Bitte w\u00e4hlen Sie die gew\u00fcnschte Person aus:<\/p>\t\t\t\t<\/div>\n\t\t\t\t<\/div>\n\t\t\t\t\t<\/div>\n\t\t<\/div>\n\t\t\t\t\t<\/div>\n\t\t<\/section>\n\t\t\t\t<section class=\"elementor-section elementor-top-section elementor-element elementor-element-3b71b053 elementor-section-full_width animated-slow elementor-section-height-default elementor-section-height-default elementor-invisible\" data-id=\"3b71b053\" data-element_type=\"section\" data-e-type=\"section\" data-settings=\"{&quot;background_background&quot;:&quot;classic&quot;,&quot;animation&quot;:&quot;fadeIn&quot;,&quot;animation_delay&quot;:1000,&quot;_ha_eqh_enable&quot;:false}\">\n\t\t\t\t\t\t<div class=\"elementor-container elementor-column-gap-default\">\n\t\t\t\t\t<div class=\"elementor-column elementor-col-25 elementor-top-column elementor-element elementor-element-bbe8a01\" data-id=\"bbe8a01\" data-element_type=\"column\" data-e-type=\"column\" data-settings=\"{&quot;animation&quot;:&quot;none&quot;}\">\n\t\t\t<div class=\"elementor-widget-wrap elementor-element-populated\">\n\t\t\t\t\t\t<div class=\"elementor-element elementor-element-0b941c4 elementor-widget elementor-widget-image\" data-id=\"0b941c4\" data-element_type=\"widget\" data-e-type=\"widget\" data-widget_type=\"image.default\">\n\t\t\t\t<div class=\"elementor-widget-container\">\n\t\t\t\t\t\t\t\t\t\t\t\t\t\t\t\t<a href=\"https:\/\/ispe-net.de\/?page_id=1247\">\n\t\t\t\t\t\t\t<img fetchpriority=\"high\" decoding=\"async\" width=\"340\" height=\"275\" src=\"https:\/\/ispe-net.de\/wp-content\/uploads\/2018\/05\/Ulrich_Deinet.png\" class=\"elementor-animation-grow attachment-large size-large wp-image-43\" alt=\"\" srcset=\"https:\/\/ispe-net.de\/wp-content\/uploads\/2018\/05\/Ulrich_Deinet.png 340w, https:\/\/ispe-net.de\/wp-content\/uploads\/2018\/05\/Ulrich_Deinet-300x243.png 300w\" sizes=\"(max-width: 340px) 100vw, 340px\" \/>\t\t\t\t\t\t\t\t<\/a>\n\t\t\t\t\t\t\t\t\t\t\t\t\t\t\t<\/div>\n\t\t\t\t<\/div>\n\t\t\t\t<div class=\"elementor-element elementor-element-0b43e8a elementor-align-center elementor-widget elementor-widget-button\" data-id=\"0b43e8a\" data-element_type=\"widget\" data-e-type=\"widget\" data-widget_type=\"button.default\">\n\t\t\t\t<div class=\"elementor-widget-container\">\n\t\t\t\t\t\t\t\t\t<div class=\"elementor-button-wrapper\">\n\t\t\t\t\t<a class=\"elementor-button elementor-button-link elementor-size-sm\" href=\"https:\/\/ispe-net.de\/?page_id=1247\">\n\t\t\t\t\t\t<span class=\"elementor-button-content-wrapper\">\n\t\t\t\t\t\t\t\t\t<span class=\"elementor-button-text\">Prof. Dr. Ulrich Deinet<\/span>\n\t\t\t\t\t<\/span>\n\t\t\t\t\t<\/a>\n\t\t\t\t<\/div>\n\t\t\t\t\t\t\t\t<\/div>\n\t\t\t\t<\/div>\n\t\t\t\t\t<\/div>\n\t\t<\/div>\n\t\t\t\t<div class=\"elementor-column elementor-col-25 elementor-top-column elementor-element elementor-element-7d11c6d\" data-id=\"7d11c6d\" data-element_type=\"column\" data-e-type=\"column\">\n\t\t\t<div class=\"elementor-widget-wrap elementor-element-populated\">\n\t\t\t\t\t\t<div class=\"elementor-element elementor-element-078259f elementor-widget elementor-widget-image\" data-id=\"078259f\" data-element_type=\"widget\" data-e-type=\"widget\" data-widget_type=\"image.default\">\n\t\t\t\t<div class=\"elementor-widget-container\">\n\t\t\t\t\t\t\t\t\t\t\t\t\t\t\t\t<a href=\"https:\/\/ispe-net.de\/?page_id=304\">\n\t\t\t\t\t\t\t<img decoding=\"async\" width=\"800\" height=\"534\" src=\"https:\/\/ispe-net.de\/wp-content\/uploads\/2020\/12\/Icking_final-1024x683.jpg\" class=\"elementor-animation-grow attachment-large size-large wp-image-210\" alt=\"\" srcset=\"https:\/\/ispe-net.de\/wp-content\/uploads\/2020\/12\/Icking_final-1024x683.jpg 1024w, https:\/\/ispe-net.de\/wp-content\/uploads\/2020\/12\/Icking_final-300x200.jpg 300w, https:\/\/ispe-net.de\/wp-content\/uploads\/2020\/12\/Icking_final-768x512.jpg 768w, https:\/\/ispe-net.de\/wp-content\/uploads\/2020\/12\/Icking_final-1536x1024.jpg 1536w, https:\/\/ispe-net.de\/wp-content\/uploads\/2020\/12\/Icking_final-2048x1365.jpg 2048w\" sizes=\"(max-width: 800px) 100vw, 800px\" \/>\t\t\t\t\t\t\t\t<\/a>\n\t\t\t\t\t\t\t\t\t\t\t\t\t\t\t<\/div>\n\t\t\t\t<\/div>\n\t\t\t\t<div class=\"elementor-element elementor-element-b7f195f elementor-align-center elementor-widget elementor-widget-button\" data-id=\"b7f195f\" data-element_type=\"widget\" data-e-type=\"widget\" data-widget_type=\"button.default\">\n\t\t\t\t<div class=\"elementor-widget-container\">\n\t\t\t\t\t\t\t\t\t<div class=\"elementor-button-wrapper\">\n\t\t\t\t\t<a class=\"elementor-button elementor-button-link elementor-size-sm\" href=\"https:\/\/ispe-net.de\/?page_id=304\">\n\t\t\t\t\t\t<span class=\"elementor-button-content-wrapper\">\n\t\t\t\t\t\t\t\t\t<span class=\"elementor-button-text\">Dr. Maria Icking<\/span>\n\t\t\t\t\t<\/span>\n\t\t\t\t\t<\/a>\n\t\t\t\t<\/div>\n\t\t\t\t\t\t\t\t<\/div>\n\t\t\t\t<\/div>\n\t\t\t\t\t<\/div>\n\t\t<\/div>\n\t\t\t\t<div class=\"elementor-column elementor-col-25 elementor-top-column elementor-element elementor-element-41f97a6\" data-id=\"41f97a6\" data-element_type=\"column\" data-e-type=\"column\">\n\t\t\t<div class=\"elementor-widget-wrap elementor-element-populated\">\n\t\t\t\t\t\t<div class=\"elementor-element elementor-element-8d26ef4 elementor-widget elementor-widget-image\" data-id=\"8d26ef4\" data-element_type=\"widget\" data-e-type=\"widget\" data-widget_type=\"image.default\">\n\t\t\t\t<div class=\"elementor-widget-container\">\n\t\t\t\t\t\t\t\t\t\t\t\t\t\t\t\t<a href=\"https:\/\/ispe-net.de\/?page_id=2071\">\n\t\t\t\t\t\t\t<img decoding=\"async\" width=\"770\" height=\"1024\" src=\"https:\/\/ispe-net.de\/wp-content\/uploads\/2022\/09\/foto_muscutt-770x1024.jpg\" class=\"elementor-animation-grow attachment-large size-large wp-image-941\" alt=\"\" srcset=\"https:\/\/ispe-net.de\/wp-content\/uploads\/2022\/09\/foto_muscutt-770x1024.jpg 770w, https:\/\/ispe-net.de\/wp-content\/uploads\/2022\/09\/foto_muscutt-225x300.jpg 225w, https:\/\/ispe-net.de\/wp-content\/uploads\/2022\/09\/foto_muscutt-768x1022.jpg 768w, https:\/\/ispe-net.de\/wp-content\/uploads\/2022\/09\/foto_muscutt-1154x1536.jpg 1154w, https:\/\/ispe-net.de\/wp-content\/uploads\/2022\/09\/foto_muscutt-1539x2048.jpg 1539w, https:\/\/ispe-net.de\/wp-content\/uploads\/2022\/09\/foto_muscutt.jpg 1737w\" sizes=\"(max-width: 770px) 100vw, 770px\" \/>\t\t\t\t\t\t\t\t<\/a>\n\t\t\t\t\t\t\t\t\t\t\t\t\t\t\t<\/div>\n\t\t\t\t<\/div>\n\t\t\t\t<div class=\"elementor-element elementor-element-4bc470a elementor-align-center elementor-widget elementor-widget-button\" data-id=\"4bc470a\" data-element_type=\"widget\" data-e-type=\"widget\" data-widget_type=\"button.default\">\n\t\t\t\t<div class=\"elementor-widget-container\">\n\t\t\t\t\t\t\t\t\t<div class=\"elementor-button-wrapper\">\n\t\t\t\t\t<a class=\"elementor-button elementor-button-link elementor-size-sm\" href=\"https:\/\/ispe-net.de\/?page_id=2071\">\n\t\t\t\t\t\t<span class=\"elementor-button-content-wrapper\">\n\t\t\t\t\t\t\t\t\t<span class=\"elementor-button-text\">Christina Muscutt<\/span>\n\t\t\t\t\t<\/span>\n\t\t\t\t\t<\/a>\n\t\t\t\t<\/div>\n\t\t\t\t\t\t\t\t<\/div>\n\t\t\t\t<\/div>\n\t\t\t\t\t<\/div>\n\t\t<\/div>\n\t\t\t\t<div class=\"elementor-column elementor-col-25 elementor-top-column elementor-element elementor-element-56749b0\" data-id=\"56749b0\" data-element_type=\"column\" data-e-type=\"column\">\n\t\t\t<div class=\"elementor-widget-wrap elementor-element-populated\">\n\t\t\t\t\t\t<div class=\"elementor-element elementor-element-b2f141c elementor-widget elementor-widget-image\" data-id=\"b2f141c\" data-element_type=\"widget\" data-e-type=\"widget\" data-widget_type=\"image.default\">\n\t\t\t\t<div class=\"elementor-widget-container\">\n\t\t\t\t\t\t\t\t\t\t\t\t\t\t\t\t<a href=\"https:\/\/ispe-net.de\/?page_id=1252\">\n\t\t\t\t\t\t\t<img loading=\"lazy\" decoding=\"async\" width=\"620\" height=\"631\" src=\"https:\/\/ispe-net.de\/wp-content\/uploads\/2022\/09\/Foto-LS.jpg\" class=\"elementor-animation-grow attachment-large size-large wp-image-573\" alt=\"\" srcset=\"https:\/\/ispe-net.de\/wp-content\/uploads\/2022\/09\/Foto-LS.jpg 620w, https:\/\/ispe-net.de\/wp-content\/uploads\/2022\/09\/Foto-LS-295x300.jpg 295w\" sizes=\"(max-width: 620px) 100vw, 620px\" \/>\t\t\t\t\t\t\t\t<\/a>\n\t\t\t\t\t\t\t\t\t\t\t\t\t\t\t<\/div>\n\t\t\t\t<\/div>\n\t\t\t\t<div class=\"elementor-element elementor-element-1553271 elementor-align-center elementor-widget elementor-widget-button\" data-id=\"1553271\" data-element_type=\"widget\" data-e-type=\"widget\" data-widget_type=\"button.default\">\n\t\t\t\t<div class=\"elementor-widget-container\">\n\t\t\t\t\t\t\t\t\t<div class=\"elementor-button-wrapper\">\n\t\t\t\t\t<a class=\"elementor-button elementor-button-link elementor-size-sm\" href=\"https:\/\/ispe-net.de\/?page_id=1252\">\n\t\t\t\t\t\t<span class=\"elementor-button-content-wrapper\">\n\t\t\t\t\t\t\t\t\t<span class=\"elementor-button-text\">Lisa Scholten<\/span>\n\t\t\t\t\t<\/span>\n\t\t\t\t\t<\/a>\n\t\t\t\t<\/div>\n\t\t\t\t\t\t\t\t<\/div>\n\t\t\t\t<\/div>\n\t\t\t\t\t<\/div>\n\t\t<\/div>\n\t\t\t\t\t<\/div>\n\t\t<\/section>\n\t\t\t\t<\/div>\n\t\t","protected":false},"excerpt":{"rendered":"<p>Ver\u00f6ffentlichungen Wessen Ver\u00f6ffentlichungen m\u00f6chten Sie lesen? Bitte w\u00e4hlen Sie die gew\u00fcnschte Person aus: Prof. Dr. Ulrich Deinet Dr. Maria Icking Christina Muscutt Lisa Scholten<\/p>\n","protected":false},"author":3,"featured_media":0,"parent":0,"menu_order":0,"comment_status":"closed","ping_status":"closed","template":"","meta":{"_acf_changed":false,"footnotes":""},"class_list":["post-1155","page","type-page","status-publish","hentry"],"acf":[],"_links":{"self":[{"href":"https:\/\/ispe-net.de\/index.php?rest_route=\/wp\/v2\/pages\/1155","targetHints":{"allow":["GET"]}}],"collection":[{"href":"https:\/\/ispe-net.de\/index.php?rest_route=\/wp\/v2\/pages"}],"about":[{"href":"https:\/\/ispe-net.de\/index.php?rest_route=\/wp\/v2\/types\/page"}],"author":[{"embeddable":true,"href":"https:\/\/ispe-net.de\/index.php?rest_route=\/wp\/v2\/users\/3"}],"replies":[{"embeddable":true,"href":"https:\/\/ispe-net.de\/index.php?rest_route=%2Fwp%2Fv2%2Fcomments&post=1155"}],"version-history":[{"count":5,"href":"https:\/\/ispe-net.de\/index.php?rest_route=\/wp\/v2\/pages\/1155\/revisions"}],"predecessor-version":[{"id":2094,"href":"https:\/\/ispe-net.de\/index.php?rest_route=\/wp\/v2\/pages\/1155\/revisions\/2094"}],"wp:attachment":[{"href":"https:\/\/ispe-net.de\/index.php?rest_route=%2Fwp%2Fv2%2Fmedia&parent=1155"}],"curies":[{"name":"wp","href":"https:\/\/api.w.org\/{rel}","templated":true}]}}