{"id":17,"date":"2018-05-22T18:46:51","date_gmt":"2018-05-22T18:46:51","guid":{"rendered":"http:\/\/ispe-net.de\/?page_id=17"},"modified":"2022-01-02T13:45:39","modified_gmt":"2022-01-02T13:45:39","slug":"veroeffentlichungen","status":"publish","type":"page","link":"https:\/\/ispe-net.de\/?page_id=17","title":{"rendered":"Maria Icking"},"content":{"rendered":"<h2>Maria Icking<strong>\u00a0<\/strong><\/h2>\n<h2>2021<\/h2>\n<p>Icking, Maria (2021): Jugendsozialarbeit und Offene Kinder- und Jugendarbeit. In: Deinet, Ulrich u.a. (Hrsg.): Handbuch offene Kinder- und Jugendarbeit, Wiesbaden: Springer VS<\/p>\n<p>Icking, Maria\/ Sturzenhecker, Benedikt (2021): Pr\u00e4vention und Offene Kinder- und Jugendarbeit &#8211; eine Diskussion. In: Deinet, Ulrich u.a. (Hrsg.): Handbuch offene Kinder- und Jugendarbeit, Wiesbaden: Springer VS<\/p>\n<p>Deinet, Ulrich\/Icking, Maria (2021): Empirisches Wissen zu Offener Kinder- und Jugendarbeit und Schule. In: Deinet, Ulrich u.a. (Hrsg.): Handbuch offene Kinder- und Jugendarbeit, Wiesbaden: Springer VS<\/p>\n<p>Icking, Maria (2021): Schulbezogene Angebote in der Offenen Kinder- und Jugendarbeit\u00a0\u00a0\u00a0\u00a0 In: deutsche jugend, Ausgabe 8\/2021, S. 299 &#8211; 307<\/p>\n<h2>2020<\/h2>\n<p>Deinet, Ulrich\/Icking, Maria (2020):Offene Kinder- und Jugendarbeit und Schule. In Bollweg, P., Buchna, J., Coelen, Th., Otto, H.-U. (Hrsg.): Handbuch Ganztagsbildung. Wiesbaden Springer VS<\/p>\n<p>Ulrich Deinet, Maria Icking, Simone Rehrs: Offene Kinder- und Jugendarbeit und Schule in NRW. Ver\u00f6ffentlicht am 17.07.2020 in socialnet Materialien unter http:\/\/www.socialnet.de\/materialien\/29066.php, Datum des Zugriffs 23.07.2020<\/p>\n<p><a href=\"https:\/\/www.socialnet.de\/materialien\/attach\/594.pdf\">https:\/\/www.socialnet.de\/materialien\/attach\/594.pdf<\/a><\/p>\n<h2>2019<\/h2>\n<p>Icking, Maria\/Deinet, Ulrich (2019): Offene KInder- und Jugendarbeit und Pr\u00e4vention.<br \/>\nIn: Forum Kriminal-Pr\u00e4vention, Ausgabe 04\/2019, S. 3-5<\/p>\n<p>Deinet, Ulrich\/Icking, Maria (2019): Schulsozialarbeit auf dem Weg zur Sozialraumorientierung? \u2013 Ergebnisse einer Erhebung zur Schulsozialarbeit in D\u00fcsseldorf. In: sozialraum.de (11) Ausgabe 1\/2019. URL: https:\/\/www.sozialraum.de\/schulsozialarbeit-auf-dem-weg-zur-sozialraumorientierung.php, Datum des Zugriffs: 19.12.2019<\/p>\n<p>Icking, Maria (2019): Die Kooperation der Offenen Kinder- und Jugendarbeit mit Schule im Licht empirischer Ergebnisse<br \/>\nIn: Offene Jugendarbeit, Ausgabe 02\/2019, S. 8 \u2013 14<\/p>\n<p>Icking, Maria (2019): Ergebnisse einer bundesweiten Befragung von Einrichtungen der OKJA in der Fl\u00fcchtlingsarbeit.<br \/>\nIn:\u00a0 Deinet, Ulrich (Hrsg.): Herausforderung angenommen. Offene Kinder- und Jugendarbeit mit gefl\u00fcchteten Kindern und Jugendlichen. Weinheim und Basel: Beltz Juventa<\/p>\n<h2>2018<\/h2>\n<p>Icking, Maria\/Deinet, Ulrich (2018): Gefl\u00fcchtete junge Menschen in der Offenen Kinder- und Jugendarbeit. Ergebnisse einer bundesweiten Befragung.<strong><br \/>\n<\/strong>In: deutsche jugend, Ausgabe 10\/2018, S. 417 &#8211; 426<\/p>\n<h2>2017<\/h2>\n<p>Icking, Maria\/Deinet, Ulrich (2017): Offene Kinder- und Jugendarbeit und Pr\u00e4vention. M\u00f6glichkeiten und Grenzen. Herausgeber: FGW Forschungsinstitut f\u00fcr gesellschaftliche Weiterentwicklung. D\u00fcsseldorf<br \/>\n<a href=\"http:\/\/www.fgw-nrw.de\/fileadmin\/user_upload\/FGW-Studie-VSP-06-Deinet-A1-komplett-Web.pdf\"><span style=\"color: #3366ff;\">http:\/\/www.fgw-nrw.de\/fileadmin\/user_upload\/FGW-Studie-VSP-06-Deinet-A1-komplett-Web.pdf<\/span><\/a><\/p>\n<p>Deinet, Ulrich\/Icking, Maria\/N\u00fcsken, Dirk\/Schmidt, Holger (2017): Potentiale der Offenen Kinder- und Jugendarbeit. Innen- und Au\u00dfensichten, Weinheim und Basel: Beltz Juventa<\/p>\n<p>Deinet, Ulrich\/Thomas, Sophie\/Muscutt, Christina\/Icking, Maria\/Scholten, Lisa\/Walter, Daniela (o. J.): Evaluation der Projekte der F\u00f6rderposition 1.1.2. (KJFP) in Hinblick auf die Weiterentwicklung der Offenen Kinder- und Jugendarbeit. <span style=\"color: #3366ff;\"><a style=\"color: #3366ff;\" href=\"https:\/\/soz-kult.hs-duesseldorf.de\/forschung\/forschungsaktivitaeten\/forschungsprojekte\/Documents\/Endbericht%20Evaluation%20Projekte%20der%20F%C3%B6rderposition%201.1.2.pdf\">https:\/\/soz-kult.hs-duesseldorf.de\/forschung\/forschungsaktivitaeten\/forschungsprojekte\/Documents\/Endbericht%20Evaluation%20Projekte%20der%20F%C3%B6rderposition%201.1.2.pdf<\/a><\/span><\/p>\n<p>Deinet, Ulrich\/Icking, Maria (2017): Die qualitative Erfassung von Bedarfen und Bed\u00fcrfnissen. In: Bienek, Magdalena\/Suthues, Bettina (Hrsg.): Kommunales Bildungsmanagement und Sozialraum: Kleinr\u00e4umige Datenbasierung, Planung und Vernetzung. M\u00fcnster<br \/>\n<a href=\"https:\/\/www.transferagentur-nordrhein-westfalen.de\/fileadmin\/Dateien\/Broschueren\/ISA_Broschuere_KBMundSozialraum.pdf\"><span style=\"color: #3366ff;\">https:\/\/www.transferagentur-nordrhein-westfalen.de\/fileadmin\/Dateien\/Broschueren\/ISA_Broschuere_KBMundSozialraum.pdf<\/span><\/a><\/p>\n<h2>2016<\/h2>\n<p>Icking, Maria (2016): \u00c4ltere Menschen auf dem Arbeitsmarkt. <span style=\"color: #000000;\">Arbeitsmarktreport NRW. Bottrop<\/span><br \/>\n<span style=\"color: #3366ff;\"><a style=\"color: #3366ff;\" href=\"http:\/\/www.gib.nrw.de\/service\/downloaddatenbank\/arbeitsmarktreport-nrw-2016.-aeltere-menschen-auf-dem-arbeitsmarkt\">http:\/\/www.gib.nrw.de\/service\/downloaddatenbank\/arbeitsmarktreport-nrw-2016.-aeltere-menschen-auf-dem-arbeitsmarkt<\/a><\/span><\/p>\n<p>Icking, Maria (2016): Struktur und Entwicklung der Besch\u00e4ftigung mit dem Schwerpunkt atypische und Niedriglohnbesch\u00e4ftigung. Bottrop<br \/>\n<a href=\"http:\/\/www.gib.nrw.de\/service\/downloaddatenbank\/arbeitsmarktreport-nrw-2016-themenbericht-struktur-und-entwicklung-der-beschaeftigung-mit-dem-schwerpunkt-atypische-und-niedriglohnbeschaeftigung\"><span style=\"color: #3366ff;\">http:\/\/www.gib.nrw.de\/service\/downloaddatenbank\/arbeitsmarktreport-nrw-2016-themenbericht-struktur-und-entwicklung-der-beschaeftigung-mit-dem-schwerpunkt-atypische-und-niedriglohnbeschaeftigung<\/span><\/a><\/p>\n<h2>2015<\/h2>\n<p>Icking, Maria (2015): Zuwanderung \u00fcber Flucht und Asyl in NRW. Umfang und Auswirkungen auf dem Arbeitsmarkt. Bottrop<br \/>\n<a href=\"http:\/\/www.gib.nrw.de\/service\/downloaddatenbank\/zuwanderung-ueber-flucht-und-asyl-in-nrw\"><span style=\"color: #3366ff;\">http:\/\/www.gib.nrw.de\/service\/downloaddatenbank\/zuwanderung-ueber-flucht-und-asyl-in-nrw<\/span><\/a><\/p>\n<p>Icking, Maria\/Czudaj, Katharina (2015) Frauen am Arbeitsmarkt. Arbeitsmarktreport NRW. Bottrop<br \/>\n<a href=\"http:\/\/www.gib.nrw.de\/service\/downloaddatenbank\/arbeitsmarktreport-nrw-2015.-frauen-am-arbeitsmarkt-mit-einem-sonderkapitel-alleinerziehende-am-arbeitsmarkt\"><span style=\"color: #3366ff;\">http:\/\/www.gib.nrw.de\/service\/downloaddatenbank\/arbeitsmarktreport-nrw-2015.-frauen-am-arbeitsmarkt-mit-einem-sonderkapitel-alleinerziehende-am-arbeitsmarkt<\/span><\/a><\/p>\n<p>Amonn, Jan\/Icking, Maria (2015): Junge Menschen im SGB II in Nordrhein-Westfalen Lebenslagen, Einstellungen und F\u00f6rderung. G.I.B- Arbeitspapiere 54. Bottrop<br \/>\n<a href=\"http:\/\/www.gib.nrw.de\/service\/downloaddatenbank\/junge-menschen-im-sgb-ii-in-nordrhein-westfalen\"><span style=\"color: #3366ff;\">http:\/\/www.gib.nrw.de\/service\/downloaddatenbank\/junge-menschen-im-sgb-ii-in-nordrhein-westfalen<\/span><\/a><\/p>\n<p>Amonn, Jan\/Icking Maria (2015) \u201eInklusion\u201c im Jobcenter. Ergebnisse einer Befragung in den Jobcentern in kommunaler Tr\u00e4gerschaft in NRW. Bottrop<br \/>\n<a href=\"http:\/\/www.gib.nrw.de\/service\/downloaddatenbank\/inklusion-im-jobcenter\"><span style=\"color: #3366ff;\">http:\/\/www.gib.nrw.de\/service\/downloaddatenbank\/inklusion-im-jobcenter<\/span><\/a><\/p>\n<p>Icking, Maria\/Tsoneva, Veneta (2015): Migrantinnen und Migranten auf dem Arbeitsmarkt. Arbeitsmarktreport NRW. Bottrop<br \/>\n<a href=\"http:\/\/www.gib.nrw.de\/service\/downloaddatenbank\/arbeitsmarktreport-nrw-2015.-sonderbericht-migrantinnen-und-migranten-auf-dem-arbeitsmarkt\"><span style=\"color: #3366ff;\">http:\/\/www.gib.nrw.de\/service\/downloaddatenbank\/arbeitsmarktreport-nrw-2015.-sonderbericht-migrantinnen-und-migranten-auf-dem-arbeitsmarkt<\/span><\/a><\/p>\n<h2>2014<\/h2>\n<p>Icking, Maria\/Czudaj, Katharina (2014) Struktur und Entwicklung der Besch\u00e4ftigung mit dem Schwerpunkt: atypische und Niedriglohn-Besch\u00e4ftigung. Arbeitsmarktreport NRW. Bottrop<br \/>\n<a href=\"http:\/\/www.gib.nrw.de\/service\/downloaddatenbank\/arbeitsmarktreport-nrw-2014.-sonderbericht-struktur-und-entwicklung-der-beschaeftigung-mit-dem-schwerpunkt-atypische-und-niedriglohn-beschaeftigung\"><span style=\"color: #3366ff;\">http:\/\/www.gib.nrw.de\/service\/downloaddatenbank\/arbeitsmarktreport-nrw-2014.-sonderbericht-struktur-und-entwicklung-der-beschaeftigung-mit-dem-schwerpunkt-atypische-und-niedriglohn-beschaeftigung<\/span><\/a><\/p>\n<p>Maria Icking und Julia Mahler: Das Werkstattjahr Eine empirische Untersuchung der Programmumsetzung G.I.B- Arbeitspapiere 40 Oktober 2011<br \/>\n<a href=\"http:\/\/www.gib.nrw.de\/service\/downloaddatenbank\/ap-40?darstellungsart=themen\"><span style=\"color: #3366ff;\">http:\/\/www.gib.nrw.de\/service\/downloaddatenbank\/ap-40?darstellungsart=themen<\/span><\/a><\/p>\n<h2>2013<\/h2>\n<p>Icking, Maria (2013): Jugendsozialarbeit und Offene Kinder- und Jugendarbeit. In: Deinet, Ulrich\/Sturzenhecker, Benedikt (Hrsg.): Handbuch offene Kinder- und Jugendarbeit, Wiesbaden: Springer VS, S. 791-796.<\/p>\n<h2>2012<\/h2>\n<p>Gernot M\u00fchge\/Claudia Niewerth Maria Icking\/Julia Mahler (2011): Soziale Sicherheit durch Besch\u00e4ftigtentransfer Eine empirische Untersuchung von Transfergesellschaften. G.I.B- Arbeitspapiere 39 Januar 2012<br \/>\n<a href=\"http:\/\/www.gib.nrw.de\/service\/downloaddatenbank\/g-i-b-arbeitspapiere-39\"><span style=\"color: #3366ff;\">http:\/\/www.gib.nrw.de\/service\/downloaddatenbank\/g-i-b-arbeitspapiere-39<\/span><\/a><\/p>\n<h2>2011<\/h2>\n<p>Icking, Maria (2011): Steuerungsprobleme des Berufsbildungssystems in Deutschland. In: Maria Icking in Zusammenarbeit mit der Heinrich-B\u00f6ll-Stiftung (Hrsg.): Die berufliche Bildung der Zukunft, Berlin<br \/>\n<a href=\"https:\/\/www.boell.de\/de\/content\/die-berufliche-bildung-der-zukunft-herausforderungen-und-reformansaetze\"><span style=\"color: #3366ff;\">https:\/\/www.boell.de\/de\/content\/die-berufliche-bildung-der-zukunft-herausforderungen-und-reformansaetze<\/span><\/a><\/p>\n<p>Icking, Maria\/Mahler, Julia (2011): Das Werkstattjahr Eine empirische Untersuchung der Programmumsetzung. G.I.B- Arbeitspapiere 40 Oktober. Bottrop.<br \/>\n<a href=\"http:\/\/www.gib.nrw.de\/service\/downloaddatenbank\/ap-40?darstellungsart=themen2010\"><span style=\"color: #3366ff;\">http:\/\/www.gib.nrw.de\/service\/downloaddatenbank\/ap-40?darstellungsart=themen2010<\/span><\/a><\/p>\n<p>Deinet, Ulrich\/Icking, Maria (2011): Jugendarbeit als Br\u00fccke zu Bildung im \u00f6ffentlichen Raum. In: Bollweg, Petra\/Otto, Hans-Uwe (Hrsg.): R\u00e4ume flexibler Bildung. Bildungslandschaft in der Diskussion, Wiesbaden: VS Verlag f\u00fcr Sozialwissenschaften, S.71 \u2013 85.<\/p>\n<h2>2010<\/h2>\n<p>Icking, Maria (2010): Kooperation zwischen Jugendhilfe und Schule in der Praxis. Ergebnisse einer Befragung der Kommunen in NRW. In: Deinet, Ulrich\/ Icking, Maria (Hrsg.): Jugendhilfe und Schule. Analysen und Konzepte f\u00fcr die kommunale Kooperation, Opladen: Barbara Budrich, S.207-228.<\/p>\n<p>Deinet, Ulrich\/Icking, Maria\/Leifheit, Elisabeth\/Dummann, J\u00f6rn (2010): Jugendarbeit zeigt Profil in der Kooperation mit Schule, Opladen: Barbara Budrich.<\/p>\n<p>Deinet, Ulrich\/Icking, Maria (2010): Entwicklung der Offenen Kinder- und Jugendarbeit in NRW durch die Kooperation mit Schule. In: Martina Leshwange\/Reinhard Liebig (Hg.): Aufwachsen offensiv mitgestalten. Impulse f\u00fcr die Kinder- und Jugendarbeit. Essen: Klartext Verlag<\/p>\n<p>Deinet, Ulrich\/ Icking, Maria (Hrsg.): Jugendhilfe und Schule. Analysen und Konzepte f\u00fcr die kommunale Kooperation, Opladen: Barbara Budrich<\/p>\n<h2>2009<\/h2>\n<p>Icking, Maria\/Deinet, Ulrich (2009): Jugendarbeit zeigt Profil in der Kooperation mit Schule. Ausgew\u00e4hlte Ergebnisse einer Befragung von Kinder-und Jugendeinrichtungen in NRW. neue praxis, 39(4), 385-395<\/p>\n<p>Icking, Maria (2009): Bundesagentur f\u00fcr Arbeit, In: Bl\u00f6meke. Sigrid et al. (Hrsg.): Handbuch Schule. Bad Heilbrunn<\/p>\n<h2>2008<\/h2>\n<p>Deinet, Ulrich\/Icking, Maria (2008): Die Entwicklung kommunaler Qualit\u00e4ts- und Wirksamkeitsdialoge. In: Deinet, Ulrich\/Szlapka, Marco\/Witte, Wolfgang (Hrsg.): Qualit\u00e4t durch Dialog. Bausteine kommunaler Qualit\u00e4ts- und Wirksamkeitsdialoge, Wiesbaden: VS Verlag f\u00fcr Sozialwissenschaften, S. 15\u2013112.<\/p>\n<h2>2000 bis 2005<\/h2>\n<p>Deinet, Ulrich\/Icking, Maria (2005): Bildungsprozesse im Kontext der Kooperation von Jugendhilfe und Schule, Expertise zum 8. Kinder- und Jugendbericht der Landesregierung NRW Ministerium f\u00fcr Schule, Jugend und Kinder, D\u00fcsseldorf<\/p>\n<p>Icking, Maria (2004): Entwicklung erwerbsbiografischer Gestaltungskompetenzen zwischen Vermittlung und Aneignung, in: U. Deinet\/Ch. Reutlinger (Hrsg.); \u201eAneignung\u201c als Bildungskonzept der Sozialp\u00e4dagogik, Wiesbaden 2004<\/p>\n<p>Icking, Maria (2004): Besch\u00e4ftigungsf\u00e4higkeit als Ziel der Besch\u00e4ftigungspolitik, in: A. Bolder u.a. (Hrsg.), Diskontinuierliche Erwerbsbiografien, Hohengehren<\/p>\n<p>Icking, Maria (2002): New Economy und Weiterbildung, in: K. Kock \/M. Kurth (Hrsg.), Arbeiten in der New Economy, Beitr\u00e4ge aus der Forschung der Kooperationsstelle Wissenschaft und Arbeitswelt der Sozialforschungsstelle Dortmund, Band 128, Dortmund<\/p>\n<p>Icking, Maria (2002): Berufliche Weiterbildung und pr\u00e4ventive Arbeitsmarktpolitik, in: WSI Mitteilungen, Heft 1\/2002, S. 54-60<\/p>\n<p>Icking, Maria (2000): Lernende Unternehmen oder Lernen in Unternehmen? Ann\u00e4herungen an einen komplexen Zusammenhang, in: Zeitschrift f\u00fcr Berufs- und Wirtschaftsp\u00e4dagogik, Heft 1\/2000, S.65-78<\/p>\n","protected":false},"excerpt":{"rendered":"<p>Maria Icking\u00a0 2021 Icking, Maria (2021): Jugendsozialarbeit und Offene Kinder- und Jugendarbeit. In: Deinet, Ulrich u.a. (Hrsg.): Handbuch offene Kinder- und Jugendarbeit, Wiesbaden: Springer VS Icking, Maria\/ Sturzenhecker, Benedikt (2021): Pr\u00e4vention und Offene Kinder- und Jugendarbeit &#8211; eine Diskussion. In: Deinet, Ulrich u.a. (Hrsg.): Handbuch offene Kinder- und Jugendarbeit, Wiesbaden: Springer VS Deinet, Ulrich\/Icking, Maria [&hellip;]<\/p>\n","protected":false},"author":2,"featured_media":0,"parent":0,"menu_order":0,"comment_status":"closed","ping_status":"closed","template":"","meta":{"_acf_changed":false,"footnotes":""},"class_list":["post-17","page","type-page","status-publish","hentry"],"acf":[],"_links":{"self":[{"href":"https:\/\/ispe-net.de\/index.php?rest_route=\/wp\/v2\/pages\/17","targetHints":{"allow":["GET"]}}],"collection":[{"href":"https:\/\/ispe-net.de\/index.php?rest_route=\/wp\/v2\/pages"}],"about":[{"href":"https:\/\/ispe-net.de\/index.php?rest_route=\/wp\/v2\/types\/page"}],"author":[{"embeddable":true,"href":"https:\/\/ispe-net.de\/index.php?rest_route=\/wp\/v2\/users\/2"}],"replies":[{"embeddable":true,"href":"https:\/\/ispe-net.de\/index.php?rest_route=%2Fwp%2Fv2%2Fcomments&post=17"}],"version-history":[{"count":5,"href":"https:\/\/ispe-net.de\/index.php?rest_route=\/wp\/v2\/pages\/17\/revisions"}],"predecessor-version":[{"id":277,"href":"https:\/\/ispe-net.de\/index.php?rest_route=\/wp\/v2\/pages\/17\/revisions\/277"}],"wp:attachment":[{"href":"https:\/\/ispe-net.de\/index.php?rest_route=%2Fwp%2Fv2%2Fmedia&parent=17"}],"curies":[{"name":"wp","href":"https:\/\/api.w.org\/{rel}","templated":true}]}}